{"id":21557,"date":"2020-04-08T09:23:17","date_gmt":"2020-04-08T07:23:17","guid":{"rendered":"http:\/\/adimgroupe.com\/?page_id=21557"},"modified":"2025-06-03T15:26:11","modified_gmt":"2025-06-03T13:26:11","slug":"entretien-depannage","status":"publish","type":"page","link":"https:\/\/adimgroupe.com\/index.php\/entretien-depannage\/","title":{"rendered":"Entretien \/ D\u00e9pannage"},"content":{"rendered":"<p>[vc_row row_type=\u00a0\u00bbrow\u00a0\u00bb use_row_as_full_screen_section=\u00a0\u00bbno\u00a0\u00bb type=\u00a0\u00bbfull_width\u00a0\u00bb text_align=\u00a0\u00bbleft\u00a0\u00bb background_animation=\u00a0\u00bbnone\u00a0\u00bb css_animation=\u00a0\u00bb\u00a0\u00bb css=\u00a0\u00bb.vc_custom_1586971807455{padding-right: 10px !important;padding-left: 10px !important;}\u00a0\u00bb][vc_column width=\u00a0\u00bb1\/3&Prime;][vc_single_image image=\u00a0\u00bb21636&Prime; img_size=\u00a0\u00bb300&#215;300&Prime; alignment=\u00a0\u00bbcenter\u00a0\u00bb qode_css_animation=\u00a0\u00bb\u00a0\u00bb][vc_empty_space][\/vc_column][vc_column width=\u00a0\u00bb1\/3&Prime;][vc_column_text]<\/p>\n<h2 style=\"text-align: left;\">Entretien \/ D\u00e9pannage<\/h2>\n<p>[\/vc_column_text][vc_empty_space][vc_column_text]<\/p>\n<div class=\"accordion_content ui-accordion-content ui-helper-reset ui-widget-content ui-corner-bottom ui-accordion-content-active\">\n<div class=\"accordion_content_inner\">\n<div class=\"wpb_text_column wpb_content_element vc_custom_1568205979932\">\n<div class=\"wpb_wrapper\">\n<p>Nous assurons l\u2019entretien et le d\u00e9pannage de tous types de chauffage\u00a0: chaudi\u00e8re gaz et fioul, pompe \u00e0 chaleur, po\u00eale \u00e0 bois et \u00e0 granul\u00e9s, chauffage solaire.<\/p>\n<p>&nbsp;<\/p>\n<p>Nos engagements\u00a0:<\/p>\n<ul>\n<li><u><b>Disponibilit\u00e9<\/b><\/u><b>\u00a0:<\/b> Interventions sans interruption du lundi au vendredi ; Possibilit\u00e9 d&rsquo;intervention en dehors de ces horaires selon notre disponibilit\u00e9. Intervention sous 24\/48 heures maximum pour les d\u00e9pannages. Nous faisons le maximum pour envoyer un technicien d\u00e9panner le jour m\u00eame.<\/li>\n<\/ul>\n<p>&nbsp;<\/p>\n<ul>\n<li><u><b>Des tarifs clairs et transparents<\/b><\/u><b> :<\/b> <b>Notre forfait d\u00e9pannage s\u2019\u00e9tablit \u00e0<\/b><strong> 60\u20acHT\/h<\/strong><b> en semaine avec une majoration pour les soirs, week-end et jour f\u00e9ri\u00e9s (voir condition aupr\u00e8s du secr\u00e9tariat). <\/b>Nous appliquons pour le d\u00e9pannage les prix des pi\u00e8ces des catalogues.<\/li>\n<\/ul>\n<p>&nbsp;<\/p>\n<ul>\n<li><u><b>Stocks importants de pi\u00e8ces pour des d\u00e9pannages efficaces et rapides<\/b><\/u><b>\u00a0:<\/b>\u00a0Nous avons un grand nombre de pi\u00e8ces d\u00e9tach\u00e9es d&rsquo;origine dans les v\u00e9hicules.<\/li>\n<\/ul>\n<p>&nbsp;<\/p>\n<ul>\n<li><u><b>Garantie<\/b><\/u><b>\u00a0:<\/b> Suite \u00e0 un entretien, nous assurons la main d\u2019\u0153uvre durant 3 mois.<\/li>\n<\/ul>\n<p>&nbsp;<\/p>\n<ul>\n<li><u><b>Qualifications et professionnalisme<\/b><\/u><b>\u00a0:<\/b> Intervention d&rsquo;un technicien d\u00e9panneur qualifi\u00e9 et sp\u00e9cialis\u00e9 dans les marques que nous posons. Nous utilisons des aspirateurs pour nettoyer nos travaux.<\/li>\n<\/ul>\n<p>&nbsp;<\/p>\n<ul>\n<li><u><b>Ponctualit\u00e9<\/b><\/u><b>\u00a0:<\/b>\u00a0Respect des rendez vous et des d\u00e9lais pour la maintenance.<\/li>\n<\/ul>\n<\/div>\n<\/div>\n<\/div>\n<\/div>\n<p>[\/vc_column_text][vc_empty_space][vc_column_text][\/vc_column_text][vc_empty_space][\/vc_column][vc_column width=\u00a0\u00bb1\/3&Prime;][vc_single_image image=\u00a0\u00bb21639&Prime; img_size=\u00a0\u00bbfull\u00a0\u00bb alignment=\u00a0\u00bbcenter\u00a0\u00bb qode_css_animation=\u00a0\u00bb\u00a0\u00bb][vc_empty_space][\/vc_column][\/vc_row][vc_row row_type=\u00a0\u00bbrow\u00a0\u00bb use_row_as_full_screen_section=\u00a0\u00bbno\u00a0\u00bb type=\u00a0\u00bbfull_width\u00a0\u00bb text_align=\u00a0\u00bbleft\u00a0\u00bb background_animation=\u00a0\u00bbnone\u00a0\u00bb css_animation=\u00a0\u00bb\u00a0\u00bb][vc_column][vc_empty_space height=\u00a0\u00bb20&Prime;][vc_column_text]<\/p>\n<h1 style=\"text-align: center;\"><span style=\"color: #ff0000;\"><b>05 65 59 48 13<\/b><\/span><\/h1>\n<h3 style=\"text-align: center;\">395 Chemin de Salelles &#8211; Zone Cap du Cr\u00e8s &#8211; 12100 MILLAU<\/h3>\n<p>[\/vc_column_text][vc_gmaps link=\u00a0\u00bb#E-8_JTNDaWZyYW1lJTIwc3JjJTNEJTIyaHR0cHMlM0ElMkYlMkZ3d3cuZ29vZ2xlLmNvbSUyRm1hcHMlMkZlbWJlZCUzRnBiJTNEJTIxMW0xOCUyMTFtMTIlMjExbTMlMjExZDE3MDMuMTMyNjgxMzE3NTY2NSUyMTJkMy4wNzEzMjI3MTY2OTUxNzMlMjEzZDQ0LjExODA5Njk3NzkzNDM3JTIxMm0zJTIxMWYwJTIxMmYwJTIxM2YwJTIxM20yJTIxMWkxMDI0JTIxMmk3NjglMjE0ZjEzLjElMjEzbTMlMjExbTIlMjExczB4MTJiMmZiZWYxNjJkZDhmMSUyNTNBMHhlY2Q1ZWU3ZjBjNWNmZDZkJTIxMnNBdmV5cm9uJTI1MjBMb3olMjVDMyUyNUE4cmUlMjUyMENoYXVmZmFnZSUyNTIwQ2xpbWF0aXNhdGlvbiUyNTIwJTI4QUxDQyUyOSUyMTVlMCUyMTNtMiUyMTFzZnIlMjEyc2ZyJTIxNHYxNzQ4OTU3MTAwODc3JTIxNW0yJTIxMXNmciUyMTJzZnIlMjIlMjB3aWR0aCUzRCUyMjYwMCUyMiUyMGhlaWdodCUzRCUyMjQ1MCUyMiUyMHN0eWxlJTNEJTIyYm9yZGVyJTNBMCUzQiUyMiUyMGFsbG93ZnVsbHNjcmVlbiUzRCUyMiUyMiUyMGxvYWRpbmclM0QlMjJsYXp5JTIyJTIwcmVmZXJyZXJwb2xpY3klM0QlMjJuby1yZWZlcnJlci13aGVuLWRvd25ncmFkZSUyMiUzRSUzQyUyRmlmcmFtZSUzRQ==\u00a0\u00bb][vc_empty_space height=\u00a0\u00bb50&Prime;][\/vc_column][\/vc_row]<\/p>\n","protected":false},"excerpt":{"rendered":"<p>[vc_row row_type=\u00a0\u00bbrow\u00a0\u00bb use_row_as_full_screen_section=\u00a0\u00bbno\u00a0\u00bb type=\u00a0\u00bbfull_width\u00a0\u00bb text_align=\u00a0\u00bbleft\u00a0\u00bb background_animation=\u00a0\u00bbnone\u00a0\u00bb css_animation=\u00a0\u00bb\u00a0\u00bb css=\u00a0\u00bb.vc_custom_1586971807455{padding-right: 10px !important;padding-left: 10px !important;}\u00a0\u00bb][vc_column width=\u00a0\u00bb1\/3&Prime;][vc_single_image image=\u00a0\u00bb21636&Prime; img_size=\u00a0\u00bb300&#215;300&Prime; alignment=\u00a0\u00bbcenter\u00a0\u00bb qode_css_animation=\u00a0\u00bb\u00a0\u00bb][vc_empty_space][\/vc_column][vc_column width=\u00a0\u00bb1\/3&Prime;][vc_column_text] Entretien \/ D\u00e9pannage [\/vc_column_text][vc_empty_space][vc_column_text] Nous assurons l\u2019entretien et le d\u00e9pannage de tous types de chauffage\u00a0: chaudi\u00e8re gaz et fioul, pompe \u00e0 chaleur, po\u00eale \u00e0 bois et \u00e0&#8230;<\/p>\n","protected":false},"author":1,"featured_media":0,"parent":0,"menu_order":0,"comment_status":"closed","ping_status":"closed","template":"full_width.php","meta":[],"yoast_head":"<!-- This site is optimized with the Yoast SEO plugin v15.6.2 - https:\/\/yoast.com\/wordpress\/plugins\/seo\/ -->\n<title>\u00e9lectricien - photovolta\u00efque - plombier - chauffagiste - entretien - millau<\/title>\n<meta name=\"description\" content=\"Adimgroupe : l&#039;\u00e9lectricit\u00e9, le photovolta\u00efque, le chauffage, la plomberie, la climatisation, le ramonage &amp; l&#039;entretien sur Millau et l&#039;Aveyron.\" \/>\n<meta name=\"robots\" content=\"index, follow, max-snippet:-1, max-image-preview:large, max-video-preview:-1\" \/>\n<link rel=\"canonical\" href=\"https:\/\/adimgroupe.com\/index.php\/entretien-depannage\/\" \/>\n<meta property=\"og:locale\" content=\"fr_FR\" \/>\n<meta property=\"og:type\" content=\"article\" \/>\n<meta property=\"og:title\" content=\"\u00e9lectricien - photovolta\u00efque - plombier - chauffagiste - entretien - millau\" \/>\n<meta property=\"og:description\" content=\"Adimgroupe : l&#039;\u00e9lectricit\u00e9, le photovolta\u00efque, le chauffage, la plomberie, la climatisation, le ramonage &amp; l&#039;entretien sur Millau et l&#039;Aveyron.\" \/>\n<meta property=\"og:url\" content=\"https:\/\/adimgroupe.com\/index.php\/entretien-depannage\/\" \/>\n<meta property=\"og:site_name\" content=\"Adimgroupe\" \/>\n<meta property=\"article:modified_time\" content=\"2025-06-03T13:26:11+00:00\" \/>\n<meta name=\"twitter:card\" content=\"summary_large_image\" \/>\n<meta name=\"twitter:label1\" content=\"Dur\u00e9e de lecture est.\">\n\t<meta name=\"twitter:data1\" content=\"1 minute\">\n<!-- \/ Yoast SEO plugin. -->","_links":{"self":[{"href":"https:\/\/adimgroupe.com\/index.php\/wp-json\/wp\/v2\/pages\/21557"}],"collection":[{"href":"https:\/\/adimgroupe.com\/index.php\/wp-json\/wp\/v2\/pages"}],"about":[{"href":"https:\/\/adimgroupe.com\/index.php\/wp-json\/wp\/v2\/types\/page"}],"author":[{"embeddable":true,"href":"https:\/\/adimgroupe.com\/index.php\/wp-json\/wp\/v2\/users\/1"}],"replies":[{"embeddable":true,"href":"https:\/\/adimgroupe.com\/index.php\/wp-json\/wp\/v2\/comments?post=21557"}],"version-history":[{"count":20,"href":"https:\/\/adimgroupe.com\/index.php\/wp-json\/wp\/v2\/pages\/21557\/revisions"}],"predecessor-version":[{"id":21799,"href":"https:\/\/adimgroupe.com\/index.php\/wp-json\/wp\/v2\/pages\/21557\/revisions\/21799"}],"wp:attachment":[{"href":"https:\/\/adimgroupe.com\/index.php\/wp-json\/wp\/v2\/media?parent=21557"}],"curies":[{"name":"wp","href":"https:\/\/api.w.org\/{rel}","templated":true}]}}