{"id":21493,"date":"2020-03-09T15:13:31","date_gmt":"2020-03-09T14:13:31","guid":{"rendered":"http:\/\/adimgroupe.com\/?page_id=21493"},"modified":"2025-06-03T15:22:39","modified_gmt":"2025-06-03T13:22:39","slug":"chauffage-millau","status":"publish","type":"page","link":"https:\/\/adimgroupe.com\/index.php\/chauffage-millau\/","title":{"rendered":"Chauffage"},"content":{"rendered":"<p>[vc_row row_type=\u00a0\u00bbrow\u00a0\u00bb use_row_as_full_screen_section=\u00a0\u00bbno\u00a0\u00bb type=\u00a0\u00bbfull_width\u00a0\u00bb text_align=\u00a0\u00bbleft\u00a0\u00bb background_animation=\u00a0\u00bbnone\u00a0\u00bb css_animation=\u00a0\u00bb\u00a0\u00bb css=\u00a0\u00bb.vc_custom_1586971735885{padding-right: 10px !important;padding-left: 10px !important;}\u00a0\u00bb][vc_column width=\u00a0\u00bb1\/3&Prime;][vc_single_image image=\u00a0\u00bb21495&Prime; img_size=\u00a0\u00bb300&#215;300&Prime; alignment=\u00a0\u00bbcenter\u00a0\u00bb qode_css_animation=\u00a0\u00bb\u00a0\u00bb][vc_empty_space][\/vc_column][vc_column width=\u00a0\u00bb1\/3&Prime;][vc_column_text]<\/p>\n<h2 style=\"text-align: left;\">Chauffage Millau<\/h2>\n<p>[\/vc_column_text][vc_empty_space][vc_column_text]<\/p>\n<h3 style=\"text-align: justify;\"><strong>Nous installons, entretenons et r\u00e9parons tout type de chauffage pour les particuliers et les professionnels\u2026<\/strong><\/h3>\n<p style=\"text-align: justify;\">Si vous souhaitez investir dans les \u00e9nergies renouvelables (pompes \u00e0 chaleur air\/eau, air\/air, chaudi\u00e8re \u00e0 granul\u00e9s, chauffe-eau thermodynamique), nous vous conseillons dans l\u2019installation r\u00e9pondant le mieux \u00e0 vos besoins et aux contraintes de votre habitation, <b>et<\/b> <b>particuli\u00e8rement lorsque ces \u00e9nergies renouvelables sont<\/b> <b>associ\u00e9es avec du <a href=\"http:\/\/adimgroupe.com\/index.php\/photovoltaique\/\">solaire photovolta\u00efque<\/a><\/b>, Nous vous accompagnons \u00e9galement dans vos d\u00e9marches administratives de demandes d\u2019aides de l\u2019Etat (Anah, cr\u00e9dit d\u2019imp\u00f4ts, PTZ..) et nous vous proposons de mettre en place des facilit\u00e9s de paiements gr\u00e2ce \u00e0 notre partenaire DOMOFINANCE.<\/p>\n<p style=\"text-align: justify;\">Nos installations s\u2019inscrivent dans un contexte de qualit\u00e9, avec des formations, de l\u2019outillage, du mat\u00e9riel r\u00e9cent et des partenaires reconnus dans leur domaine.<\/p>\n<p style=\"text-align: justify;\"><em>Nous poss\u00e9dons les certifications RGE QualiGaz, QualiBois &amp; QualiPac.<\/em><\/p>\n<p style=\"text-align: justify;\"><em>\u00a0<\/em><strong>Notre cr\u00e9do : Travail de qualit\u00e9, confiance et rapidit\u00e9 d\u2019intervention.<\/strong><\/p>\n<p>[\/vc_column_text][vc_empty_space height=\u00a0\u00bb50px\u00a0\u00bb][vc_column_text]<\/p>\n<h3>La pompe \u00e0 chaleur, explications\u00a0:<\/h3>\n<p>[\/vc_column_text][vc_empty_space][vc_column_text]<\/p>\n<h2><a href=\"https:\/\/www.atlantic.fr\/Chauffer-le-logement\/Pompe-a-chaleur\/Guide-Pompe-a-chaleur\/Quelle-pompe-a-chaleur-installer-en-renovation\" target=\"_blank\" rel=\"noopener\">https:\/\/www.atlantic.fr\/Chauffer-le-logement\/Pompe-a-chaleur\/Guide-Pompe-a-chaleur\/Quelle-pompe-a-chaleur-installer-en-renovation<\/a><\/h2>\n<p>[\/vc_column_text][vc_empty_space][vc_column_text]<\/p>\n<h3>Chauffe Eau Thermodynamique, explications :<\/h3>\n<p>[\/vc_column_text][vc_empty_space][vc_column_text]<\/p>\n<h2><a href=\"https:\/\/www.atlantic.fr\/Chauffer-l-eau\/Chauffe-eau\/Guide-chauffe-eau\/Qu-est-ce-qu-un-chauffe-eau-thermodynamique\" target=\"_blank\" rel=\"noopener\">https:\/\/www.atlantic.fr\/Chauffer-l-eau\/Chauffe-eau\/Guide-chauffe-eau\/Qu-est-ce-qu-un-chauffe-eau-thermodynamique<\/a><\/h2>\n<p>[\/vc_column_text][\/vc_column][vc_column width=\u00a0\u00bb1\/3&Prime;][vc_single_image image=\u00a0\u00bb21551&Prime; img_size=\u00a0\u00bbfull\u00a0\u00bb alignment=\u00a0\u00bbcenter\u00a0\u00bb qode_css_animation=\u00a0\u00bb\u00a0\u00bb][vc_empty_space][\/vc_column][\/vc_row][vc_row row_type=\u00a0\u00bbrow\u00a0\u00bb use_row_as_full_screen_section=\u00a0\u00bbno\u00a0\u00bb type=\u00a0\u00bbfull_width\u00a0\u00bb text_align=\u00a0\u00bbleft\u00a0\u00bb background_animation=\u00a0\u00bbnone\u00a0\u00bb css_animation=\u00a0\u00bb\u00a0\u00bb][vc_column][vc_empty_space height=\u00a0\u00bb20&Prime;][vc_column_text]<\/p>\n<h1 style=\"text-align: center;\"><span style=\"color: #ff0000;\"><b>05 65 59 48 13<\/b><\/span><\/h1>\n<h3 style=\"text-align: center;\">395 Chemin de Salelles &#8211; Zone Cap du Cr\u00e8s &#8211; 12100 MILLAU<\/h3>\n<p>[\/vc_column_text][vc_gmaps link=\u00a0\u00bb#E-8_JTNDaWZyYW1lJTIwc3JjJTNEJTIyaHR0cHMlM0ElMkYlMkZ3d3cuZ29vZ2xlLmNvbSUyRm1hcHMlMkZlbWJlZCUzRnBiJTNEJTIxMW0xOCUyMTFtMTIlMjExbTMlMjExZDEwMTIuNjkxNDgwNTk0MDk3NyUyMTJkMy4wNzI2OTMwMDg5OTg2NzklMjEzZDQ0LjExNzkzNzcyNjM2MDM2JTIxMm0zJTIxMWYwJTIxMmYwJTIxM2YwJTIxM20yJTIxMWkxMDI0JTIxMmk3NjglMjE0ZjEzLjElMjEzbTMlMjExbTIlMjExczB4MTJiMmZiZWYxNjJkZDhmMSUyNTNBMHhlY2Q1ZWU3ZjBjNWNmZDZkJTIxMnNBdmV5cm9uJTI1MjBMb3olMjVDMyUyNUE4cmUlMjUyMENoYXVmZmFnZSUyNTIwQ2xpbWF0aXNhdGlvbiUyNTIwJTI4QUxDQyUyOSUyMTVlMCUyMTNtMiUyMTFzZnIlMjEyc2ZyJTIxNHYxNzQ4OTU2ODEyOTI3JTIxNW0yJTIxMXNmciUyMTJzZnIlMjIlMjB3aWR0aCUzRCUyMjYwMCUyMiUyMGhlaWdodCUzRCUyMjQ1MCUyMiUyMHN0eWxlJTNEJTIyYm9yZGVyJTNBMCUzQiUyMiUyMGFsbG93ZnVsbHNjcmVlbiUzRCUyMiUyMiUyMGxvYWRpbmclM0QlMjJsYXp5JTIyJTIwcmVmZXJyZXJwb2xpY3klM0QlMjJuby1yZWZlcnJlci13aGVuLWRvd25ncmFkZSUyMiUzRSUzQyUyRmlmcmFtZSUzRQ==\u00a0\u00bb][vc_empty_space height=\u00a0\u00bb50&Prime;][\/vc_column][\/vc_row]<\/p>\n","protected":false},"excerpt":{"rendered":"<p>[vc_row row_type=\u00a0\u00bbrow\u00a0\u00bb use_row_as_full_screen_section=\u00a0\u00bbno\u00a0\u00bb type=\u00a0\u00bbfull_width\u00a0\u00bb text_align=\u00a0\u00bbleft\u00a0\u00bb background_animation=\u00a0\u00bbnone\u00a0\u00bb css_animation=\u00a0\u00bb\u00a0\u00bb css=\u00a0\u00bb.vc_custom_1586971735885{padding-right: 10px !important;padding-left: 10px !important;}\u00a0\u00bb][vc_column width=\u00a0\u00bb1\/3&Prime;][vc_single_image image=\u00a0\u00bb21495&Prime; img_size=\u00a0\u00bb300&#215;300&Prime; alignment=\u00a0\u00bbcenter\u00a0\u00bb qode_css_animation=\u00a0\u00bb\u00a0\u00bb][vc_empty_space][\/vc_column][vc_column width=\u00a0\u00bb1\/3&Prime;][vc_column_text] Chauffage Millau [\/vc_column_text][vc_empty_space][vc_column_text] Nous installons, entretenons et r\u00e9parons tout type de chauffage pour les particuliers et les professionnels\u2026 Si vous souhaitez investir dans les \u00e9nergies renouvelables (pompes&#8230;<\/p>\n","protected":false},"author":1,"featured_media":0,"parent":0,"menu_order":0,"comment_status":"closed","ping_status":"closed","template":"full_width.php","meta":[],"yoast_head":"<!-- This site is optimized with the Yoast SEO plugin v15.6.2 - https:\/\/yoast.com\/wordpress\/plugins\/seo\/ -->\n<title>\u00e9lectricien - photovolta\u00efque - plombier - chauffagiste - millau - aveyron<\/title>\n<meta name=\"description\" content=\"Adimgroupe : l&#039;\u00e9lectricit\u00e9, le photovolta\u00efque, le chauffage, la plomberie, la climatisation, le ramonage &amp; l&#039;entretien sur Millau et l&#039;Aveyron.\" \/>\n<meta name=\"robots\" content=\"index, follow, max-snippet:-1, max-image-preview:large, max-video-preview:-1\" \/>\n<link rel=\"canonical\" href=\"https:\/\/adimgroupe.com\/index.php\/chauffage-millau\/\" \/>\n<meta property=\"og:locale\" content=\"fr_FR\" \/>\n<meta property=\"og:type\" content=\"article\" \/>\n<meta property=\"og:title\" content=\"\u00e9lectricien - photovolta\u00efque - plombier - chauffagiste - millau - aveyron\" \/>\n<meta property=\"og:description\" content=\"Adimgroupe : l&#039;\u00e9lectricit\u00e9, le photovolta\u00efque, le chauffage, la plomberie, la climatisation, le ramonage &amp; l&#039;entretien sur Millau et l&#039;Aveyron.\" \/>\n<meta property=\"og:url\" content=\"https:\/\/adimgroupe.com\/index.php\/chauffage-millau\/\" \/>\n<meta property=\"og:site_name\" content=\"Adimgroupe\" \/>\n<meta property=\"article:modified_time\" content=\"2025-06-03T13:22:39+00:00\" \/>\n<meta name=\"twitter:card\" content=\"summary_large_image\" \/>\n<meta name=\"twitter:label1\" content=\"Dur\u00e9e de lecture est.\">\n\t<meta name=\"twitter:data1\" content=\"1 minute\">\n<!-- \/ Yoast SEO plugin. -->","_links":{"self":[{"href":"https:\/\/adimgroupe.com\/index.php\/wp-json\/wp\/v2\/pages\/21493"}],"collection":[{"href":"https:\/\/adimgroupe.com\/index.php\/wp-json\/wp\/v2\/pages"}],"about":[{"href":"https:\/\/adimgroupe.com\/index.php\/wp-json\/wp\/v2\/types\/page"}],"author":[{"embeddable":true,"href":"https:\/\/adimgroupe.com\/index.php\/wp-json\/wp\/v2\/users\/1"}],"replies":[{"embeddable":true,"href":"https:\/\/adimgroupe.com\/index.php\/wp-json\/wp\/v2\/comments?post=21493"}],"version-history":[{"count":26,"href":"https:\/\/adimgroupe.com\/index.php\/wp-json\/wp\/v2\/pages\/21493\/revisions"}],"predecessor-version":[{"id":21794,"href":"https:\/\/adimgroupe.com\/index.php\/wp-json\/wp\/v2\/pages\/21493\/revisions\/21794"}],"wp:attachment":[{"href":"https:\/\/adimgroupe.com\/index.php\/wp-json\/wp\/v2\/media?parent=21493"}],"curies":[{"name":"wp","href":"https:\/\/api.w.org\/{rel}","templated":true}]}}