{"id":21487,"date":"2020-03-09T15:06:04","date_gmt":"2020-03-09T14:06:04","guid":{"rendered":"http:\/\/adimgroupe.com\/?page_id=21487"},"modified":"2025-06-03T15:25:23","modified_gmt":"2025-06-03T13:25:23","slug":"photovoltaique","status":"publish","type":"page","link":"https:\/\/adimgroupe.com\/index.php\/photovoltaique\/","title":{"rendered":"Solaire Photovolta\u00efque"},"content":{"rendered":"<p>[vc_row row_type=\u00a0\u00bbrow\u00a0\u00bb use_row_as_full_screen_section=\u00a0\u00bbno\u00a0\u00bb type=\u00a0\u00bbfull_width\u00a0\u00bb text_align=\u00a0\u00bbleft\u00a0\u00bb background_animation=\u00a0\u00bbnone\u00a0\u00bb css_animation=\u00a0\u00bb\u00a0\u00bb css=\u00a0\u00bb.vc_custom_1586971866354{padding-right: 10px !important;padding-left: 10px !important;}\u00a0\u00bb][vc_column width=\u00a0\u00bb1\/3&Prime;][vc_single_image image=\u00a0\u00bb21489&Prime; img_size=\u00a0\u00bb300&#215;300&Prime; alignment=\u00a0\u00bbcenter\u00a0\u00bb qode_css_animation=\u00a0\u00bb\u00a0\u00bb][vc_empty_space][vc_column_text]<\/p>\n<h3><strong>Pergola Photovolta\u00efque &#8211; R\u00e9alisation \u00e0 Millau par Adimgroupe<br \/>\n<\/strong><\/h3>\n<p>[\/vc_column_text][vc_column_text]<\/p>\n<div class=\"accordion_content ui-accordion-content ui-helper-reset ui-widget-content ui-corner-bottom ui-accordion-content-active\">\n<div class=\"accordion_content_inner\">\n<div class=\"wpb_text_column wpb_content_element vc_custom_1568205899211\">\n<div class=\"wpb_wrapper\">\n<p>Une pergola solaire est une pergola \u00e9quip\u00e9e de panneaux photovolta\u00efques. Vous profitez ainsi d&rsquo;un espace de vie ou de stockage suppl\u00e9mentaire, tout en produisant de l&rsquo;\u00e9lectricit\u00e9.<\/p>\n<\/div>\n<\/div>\n<\/div>\n<\/div>\n<p>[\/vc_column_text][vc_column_text]<\/p>\n<div class=\"accordion_content ui-accordion-content ui-helper-reset ui-widget-content ui-corner-bottom ui-accordion-content-active\">\n<div class=\"accordion_content_inner\">\n<div class=\"wpb_text_column wpb_content_element vc_custom_1568205899211\">\n<div class=\"wpb_wrapper\">\n<p><a href=\"http:\/\/adimgroupe.com\/wp-content\/uploads\/2021\/02\/FP_PERGOSOLAR_FR.pdf\" target=\"_blank\" rel=\"noopener\"><strong>Fiche Technique Pergola Solaire (PDF)<br \/>\n<\/strong><\/a><\/p>\n<\/div>\n<\/div>\n<\/div>\n<\/div>\n<p>[\/vc_column_text][vc_single_image image=\u00a0\u00bb21700&Prime; img_size=\u00a0\u00bblarge\u00a0\u00bb alignment=\u00a0\u00bbcenter\u00a0\u00bb qode_css_animation=\u00a0\u00bb\u00a0\u00bb][\/vc_column][vc_column width=\u00a0\u00bb1\/3&Prime;][vc_column_text]<\/p>\n<h2 style=\"text-align: left;\">Solaire Photovolta\u00efque Millau<\/h2>\n<p>[\/vc_column_text][vc_empty_space][vc_column_text]<\/p>\n<div class=\"accordion_content ui-accordion-content ui-helper-reset ui-widget-content ui-corner-bottom ui-accordion-content-active\">\n<div class=\"accordion_content_inner\">\n<div class=\"wpb_text_column wpb_content_element vc_custom_1568205899211\">\n<div class=\"wpb_wrapper\">\n<p style=\"text-align: left;\"><strong>Avec plus de 17 ans d\u2019exp\u00e9rience et plus d&rsquo;une centaine d&rsquo;installations sur Millau,<br \/>\nADIMGROUPE c\u2019est LA r\u00e9f\u00e9rence locale en Photovolta\u00efque. <\/strong><\/p>\n<p>&nbsp;<\/p>\n<p>Les panneaux solaires \u00ab photovolta\u00efques \u00bb captent l\u2019\u00e9nergie gratuite du soleil que vous pouvez revendre au fournisseur d&rsquo;\u00e9nergie ou autoconsommer \u00a0pour vous fait r\u00e9aliser jusqu&rsquo;\u00e0 75% d&rsquo;\u00e9conomie sur votre facture d&rsquo;\u00e9nergie ( actuellement compos\u00e9e de 40% de taxes !!!). \u00a0Ainsi votre facture d\u2019\u00e9lectricit\u00e9 p\u00e8sera beaucoup moins \u00a0sur votre budget et ne sera pas soumise aux nombreuses hausse du prix de l&rsquo;\u00e9nergie.<\/p>\n<p><b>Les panneaux solaires photovolta\u00efques s\u2019inscrivent donc comme une solution \u00e9conomique, respectueuse de l\u2019environnement et particuli\u00e8rement rentable avec leurs garanties jusqu&rsquo;\u00e0 25 ans!!!<\/b>.<\/p>\n<\/div>\n<\/div>\n<\/div>\n<\/div>\n<p>[\/vc_column_text][vc_empty_space][vc_column_text]<\/p>\n<div class=\"accordion_content ui-accordion-content ui-helper-reset ui-widget-content ui-corner-bottom ui-accordion-content-active\">\n<div class=\"accordion_content_inner\">\n<div class=\"wpb_text_column wpb_content_element vc_custom_1568205899211\">\n<div class=\"wpb_wrapper\">\n<p><strong>Reconnue pour son savoir faire et son exp\u00e9rience<\/strong>, Adimgroupe est qualifi\u00e9e <strong>QualiPV<\/strong> et poss\u00e8de une assurance <strong>d\u00e9cennale<\/strong> sur la pose de votre installation photovolta\u00efque. Adimgroupe, c\u2019est plus de 17 ans d\u2019exp\u00e9riences et <strong>plus d&rsquo;une<\/strong> centaine d\u2019installations de panneaux photovolta\u00efque sur Millau.<\/p>\n<\/div>\n<\/div>\n<\/div>\n<\/div>\n<p>[\/vc_column_text][vc_empty_space height=\u00a0\u00bb50px\u00a0\u00bb][vc_column_text]<\/p>\n<div class=\"accordion_content ui-accordion-content ui-helper-reset ui-widget-content ui-corner-bottom ui-accordion-content-active\">\n<div class=\"accordion_content_inner\">\n<div class=\"wpb_text_column wpb_content_element vc_custom_1568205899211\">\n<div class=\"wpb_wrapper\">\n<h3>L&rsquo;historique du prix des \u00e9nergies depuis 1973:<\/h3>\n<p><strong><em><a href=\"https:\/\/www.infoenergie-bfc.org\/18-aout-2017-historique-prix-energies\/\" target=\"_blank\" rel=\"noopener noreferrer\">https:\/\/www.infoenergie-bfc.org\/18-aout-2017-historique-prix-energies\/<\/a> <\/em><\/strong><\/p>\n<\/div>\n<\/div>\n<\/div>\n<\/div>\n<p>[\/vc_column_text][vc_empty_space][vc_column_text]<\/p>\n<h3><strong>Vid\u00e9o sur l\u2019autoconsommation<\/strong><\/h3>\n<p>[\/vc_column_text][vc_column_text]<\/p>\n<div style=\"width: 640px;\" class=\"wp-video\"><!--[if lt IE 9]><script>document.createElement('video');<\/script><![endif]-->\n<video class=\"wp-video-shortcode\" id=\"video-21487-1\" width=\"640\" height=\"360\" preload=\"metadata\" controls=\"controls\"><source type=\"video\/mp4\" src=\"http:\/\/adimgroupe.com\/wp-content\/uploads\/2020\/04\/Autoconsommation.mp4?_=1\" \/><a href=\"http:\/\/adimgroupe.com\/wp-content\/uploads\/2020\/04\/Autoconsommation.mp4\">http:\/\/adimgroupe.com\/wp-content\/uploads\/2020\/04\/Autoconsommation.mp4<\/a><\/video><\/div>\n<p>[\/vc_column_text][\/vc_column][vc_column width=\u00a0\u00bb1\/3&Prime;][vc_single_image image=\u00a0\u00bb21537&Prime; img_size=\u00a0\u00bbfull\u00a0\u00bb alignment=\u00a0\u00bbcenter\u00a0\u00bb qode_css_animation=\u00a0\u00bb\u00a0\u00bb][vc_empty_space][vc_single_image image=\u00a0\u00bb21438&Prime; img_size=\u00a0\u00bbfull\u00a0\u00bb alignment=\u00a0\u00bbcenter\u00a0\u00bb qode_css_animation=\u00a0\u00bb\u00a0\u00bb][\/vc_column][\/vc_row][vc_row row_type=\u00a0\u00bbrow\u00a0\u00bb use_row_as_full_screen_section=\u00a0\u00bbno\u00a0\u00bb type=\u00a0\u00bbfull_width\u00a0\u00bb text_align=\u00a0\u00bbleft\u00a0\u00bb background_animation=\u00a0\u00bbnone\u00a0\u00bb css_animation=\u00a0\u00bb\u00a0\u00bb][vc_column][vc_empty_space height=\u00a0\u00bb20&Prime;][vc_column_text]<\/p>\n<h1 style=\"text-align: center;\"><span style=\"color: #ff0000;\"><b>05 65 59 48 13<\/b><\/span><\/h1>\n<h3 style=\"text-align: center;\">395 Chemin de Salelles &#8211; Zone Cap du Cr\u00e8s &#8211; 12100 MILLAU<\/h3>\n<p>[\/vc_column_text][vc_gmaps link=\u00a0\u00bb#E-8_JTNDaWZyYW1lJTIwc3JjJTNEJTIyaHR0cHMlM0ElMkYlMkZ3d3cuZ29vZ2xlLmNvbSUyRm1hcHMlMkZlbWJlZCUzRnBiJTNEJTIxMW0xOCUyMTFtMTIlMjExbTMlMjExZDE3MDMuMTMyNjgxMzE3NTY2NSUyMTJkMy4wNzEzMjI3MTY2OTUxNzMlMjEzZDQ0LjExODA5Njk3NzkzNDM3JTIxMm0zJTIxMWYwJTIxMmYwJTIxM2YwJTIxM20yJTIxMWkxMDI0JTIxMmk3NjglMjE0ZjEzLjElMjEzbTMlMjExbTIlMjExczB4MTJiMmZiZWYxNjJkZDhmMSUyNTNBMHhlY2Q1ZWU3ZjBjNWNmZDZkJTIxMnNBdmV5cm9uJTI1MjBMb3olMjVDMyUyNUE4cmUlMjUyMENoYXVmZmFnZSUyNTIwQ2xpbWF0aXNhdGlvbiUyNTIwJTI4QUxDQyUyOSUyMTVlMCUyMTNtMiUyMTFzZnIlMjEyc2ZyJTIxNHYxNzQ4OTU3MTAwODc3JTIxNW0yJTIxMXNmciUyMTJzZnIlMjIlMjB3aWR0aCUzRCUyMjYwMCUyMiUyMGhlaWdodCUzRCUyMjQ1MCUyMiUyMHN0eWxlJTNEJTIyYm9yZGVyJTNBMCUzQiUyMiUyMGFsbG93ZnVsbHNjcmVlbiUzRCUyMiUyMiUyMGxvYWRpbmclM0QlMjJsYXp5JTIyJTIwcmVmZXJyZXJwb2xpY3klM0QlMjJuby1yZWZlcnJlci13aGVuLWRvd25ncmFkZSUyMiUzRSUzQyUyRmlmcmFtZSUzRQ==\u00a0\u00bb][vc_empty_space height=\u00a0\u00bb50&Prime;][\/vc_column][\/vc_row]<\/p>\n","protected":false},"excerpt":{"rendered":"<p>[vc_row row_type=\u00a0\u00bbrow\u00a0\u00bb use_row_as_full_screen_section=\u00a0\u00bbno\u00a0\u00bb type=\u00a0\u00bbfull_width\u00a0\u00bb text_align=\u00a0\u00bbleft\u00a0\u00bb background_animation=\u00a0\u00bbnone\u00a0\u00bb css_animation=\u00a0\u00bb\u00a0\u00bb css=\u00a0\u00bb.vc_custom_1586971866354{padding-right: 10px !important;padding-left: 10px !important;}\u00a0\u00bb][vc_column width=\u00a0\u00bb1\/3&Prime;][vc_single_image image=\u00a0\u00bb21489&Prime; img_size=\u00a0\u00bb300&#215;300&Prime; alignment=\u00a0\u00bbcenter\u00a0\u00bb qode_css_animation=\u00a0\u00bb\u00a0\u00bb][vc_empty_space][vc_column_text] Pergola Photovolta\u00efque &#8211; R\u00e9alisation \u00e0 Millau par Adimgroupe [\/vc_column_text][vc_column_text] Une pergola solaire est une pergola \u00e9quip\u00e9e de panneaux photovolta\u00efques. Vous profitez ainsi d&rsquo;un espace de vie ou de&#8230;<\/p>\n","protected":false},"author":1,"featured_media":0,"parent":0,"menu_order":0,"comment_status":"closed","ping_status":"closed","template":"full_width.php","meta":[],"yoast_head":"<!-- This site is optimized with the Yoast SEO plugin v15.6.2 - https:\/\/yoast.com\/wordpress\/plugins\/seo\/ -->\n<title>\u00e9lectricien - photovolta\u00efque - plombier - chauffagiste - millau - aveyron<\/title>\n<meta name=\"description\" content=\"Adimgroupe : l&#039;\u00e9lectricit\u00e9, le photovolta\u00efque, le chauffage, la plomberie, la climatisation, le ramonage &amp; l&#039;entretien sur Millau, l&#039;Aveyron et la Loz\u00e8re.\" \/>\n<meta name=\"robots\" content=\"index, follow, max-snippet:-1, max-image-preview:large, max-video-preview:-1\" \/>\n<link rel=\"canonical\" href=\"http:\/\/adimgroupe.com\/index.php\/photovoltaique\/\" \/>\n<meta property=\"og:locale\" content=\"fr_FR\" \/>\n<meta property=\"og:type\" content=\"article\" \/>\n<meta property=\"og:title\" content=\"\u00e9lectricien - photovolta\u00efque - plombier - chauffagiste - millau - aveyron\" \/>\n<meta property=\"og:description\" content=\"Adimgroupe : l&#039;\u00e9lectricit\u00e9, le photovolta\u00efque, le chauffage, la plomberie, la climatisation, le ramonage &amp; l&#039;entretien sur Millau, l&#039;Aveyron et la Loz\u00e8re.\" \/>\n<meta property=\"og:url\" content=\"http:\/\/adimgroupe.com\/index.php\/photovoltaique\/\" \/>\n<meta property=\"og:site_name\" content=\"Adimgroupe\" \/>\n<meta property=\"article:modified_time\" content=\"2025-06-03T13:25:23+00:00\" \/>\n<meta name=\"twitter:card\" content=\"summary_large_image\" \/>\n<meta name=\"twitter:label1\" content=\"Dur\u00e9e de lecture est.\">\n\t<meta name=\"twitter:data1\" content=\"2 minutes\">\n<!-- \/ Yoast SEO plugin. -->","_links":{"self":[{"href":"https:\/\/adimgroupe.com\/index.php\/wp-json\/wp\/v2\/pages\/21487"}],"collection":[{"href":"https:\/\/adimgroupe.com\/index.php\/wp-json\/wp\/v2\/pages"}],"about":[{"href":"https:\/\/adimgroupe.com\/index.php\/wp-json\/wp\/v2\/types\/page"}],"author":[{"embeddable":true,"href":"https:\/\/adimgroupe.com\/index.php\/wp-json\/wp\/v2\/users\/1"}],"replies":[{"embeddable":true,"href":"https:\/\/adimgroupe.com\/index.php\/wp-json\/wp\/v2\/comments?post=21487"}],"version-history":[{"count":38,"href":"https:\/\/adimgroupe.com\/index.php\/wp-json\/wp\/v2\/pages\/21487\/revisions"}],"predecessor-version":[{"id":21797,"href":"https:\/\/adimgroupe.com\/index.php\/wp-json\/wp\/v2\/pages\/21487\/revisions\/21797"}],"wp:attachment":[{"href":"https:\/\/adimgroupe.com\/index.php\/wp-json\/wp\/v2\/media?parent=21487"}],"curies":[{"name":"wp","href":"https:\/\/api.w.org\/{rel}","templated":true}]}}