{"id":21359,"date":"2019-06-29T19:56:34","date_gmt":"2019-06-29T17:56:34","guid":{"rendered":"http:\/\/adimgroupe.com\/?page_id=21359"},"modified":"2025-06-03T15:25:39","modified_gmt":"2025-06-03T13:25:39","slug":"ramonage-entretien","status":"publish","type":"page","link":"https:\/\/adimgroupe.com\/index.php\/ramonage-entretien\/","title":{"rendered":"Ramonage"},"content":{"rendered":"<p>[vc_row row_type=\u00a0\u00bbrow\u00a0\u00bb use_row_as_full_screen_section=\u00a0\u00bbno\u00a0\u00bb type=\u00a0\u00bbfull_width\u00a0\u00bb text_align=\u00a0\u00bbleft\u00a0\u00bb background_animation=\u00a0\u00bbnone\u00a0\u00bb css_animation=\u00a0\u00bb\u00a0\u00bb css=\u00a0\u00bb.vc_custom_1586971849356{padding-right: 10px !important;padding-left: 10px !important;}\u00a0\u00bb][vc_column width=\u00a0\u00bb1\/3&Prime;][vc_single_image image=\u00a0\u00bb21315&Prime; img_size=\u00a0\u00bb300&#215;300&Prime; alignment=\u00a0\u00bbcenter\u00a0\u00bb qode_css_animation=\u00a0\u00bb\u00a0\u00bb][vc_empty_space][\/vc_column][vc_column width=\u00a0\u00bb1\/3&Prime;][vc_column_text]<\/p>\n<h2 style=\"text-align: left;\">Ramonage Millau<\/h2>\n<p>[\/vc_column_text][vc_empty_space][vc_column_text]<\/p>\n<p style=\"text-align: justify;\">Toutes nos interventions de ramonages sont r\u00e9alis\u00e9es en autonomie totale gr\u00e2ce a une CENTRALE DE RAMONAGE INT\u00c9GR\u00c9E au camion, Notre Aspirateur d&rsquo;une puissance de 20 000W (contre 1 500w pour un aspirateur professionnel performant) assure un ramonage sans poussi\u00e8res ni odeurs, la suie \u00e9tant directement stock\u00e9e dans le v\u00e9hicule en passant par un tuyau de 100mm de diam\u00e8tre. Le conduit de fum\u00e9es ainsi que le foyer est ramon\u00e9, d\u00e9bistr\u00e9, bross\u00e9, avec un \u00e9quipement rotatif fonctionnant a l&rsquo;air comprim\u00e9 ce qui garantit une intervention de qualit\u00e9. Apr\u00e8s notre intervention, le passage d&rsquo;une cam\u00e9ra dans le conduit permet de v\u00e9rifier, photographier ou enregistrer l&rsquo;\u00e9tat du conduit.<\/p>\n<p>[\/vc_column_text][vc_empty_space][vc_empty_space][vc_column_text][\/vc_column_text][\/vc_column][vc_column width=\u00a0\u00bb1\/3&Prime;][vc_single_image image=\u00a0\u00bb21657&Prime; img_size=\u00a0\u00bbfull\u00a0\u00bb alignment=\u00a0\u00bbcenter\u00a0\u00bb qode_css_animation=\u00a0\u00bb\u00a0\u00bb][vc_empty_space][\/vc_column][\/vc_row][vc_row row_type=\u00a0\u00bbrow\u00a0\u00bb use_row_as_full_screen_section=\u00a0\u00bbno\u00a0\u00bb type=\u00a0\u00bbfull_width\u00a0\u00bb text_align=\u00a0\u00bbleft\u00a0\u00bb background_animation=\u00a0\u00bbnone\u00a0\u00bb css_animation=\u00a0\u00bb\u00a0\u00bb][vc_column][vc_empty_space height=\u00a0\u00bb20&Prime;][vc_column_text]<\/p>\n<h1 style=\"text-align: center;\"><span style=\"color: #ff0000;\"><b>05 65 59 48 13<\/b><\/span><\/h1>\n<h3 style=\"text-align: center;\">395 Chemin de Salelles &#8211; Zone Cap du Cr\u00e8s &#8211; 12100 MILLAU<\/h3>\n<p>[\/vc_column_text][vc_gmaps link=\u00a0\u00bb#E-8_JTNDaWZyYW1lJTIwc3JjJTNEJTIyaHR0cHMlM0ElMkYlMkZ3d3cuZ29vZ2xlLmNvbSUyRm1hcHMlMkZlbWJlZCUzRnBiJTNEJTIxMW0xOCUyMTFtMTIlMjExbTMlMjExZDE3MDMuMTMyNjgxMzE3NTY2NSUyMTJkMy4wNzEzMjI3MTY2OTUxNzMlMjEzZDQ0LjExODA5Njk3NzkzNDM3JTIxMm0zJTIxMWYwJTIxMmYwJTIxM2YwJTIxM20yJTIxMWkxMDI0JTIxMmk3NjglMjE0ZjEzLjElMjEzbTMlMjExbTIlMjExczB4MTJiMmZiZWYxNjJkZDhmMSUyNTNBMHhlY2Q1ZWU3ZjBjNWNmZDZkJTIxMnNBdmV5cm9uJTI1MjBMb3olMjVDMyUyNUE4cmUlMjUyMENoYXVmZmFnZSUyNTIwQ2xpbWF0aXNhdGlvbiUyNTIwJTI4QUxDQyUyOSUyMTVlMCUyMTNtMiUyMTFzZnIlMjEyc2ZyJTIxNHYxNzQ4OTU3MTAwODc3JTIxNW0yJTIxMXNmciUyMTJzZnIlMjIlMjB3aWR0aCUzRCUyMjYwMCUyMiUyMGhlaWdodCUzRCUyMjQ1MCUyMiUyMHN0eWxlJTNEJTIyYm9yZGVyJTNBMCUzQiUyMiUyMGFsbG93ZnVsbHNjcmVlbiUzRCUyMiUyMiUyMGxvYWRpbmclM0QlMjJsYXp5JTIyJTIwcmVmZXJyZXJwb2xpY3klM0QlMjJuby1yZWZlcnJlci13aGVuLWRvd25ncmFkZSUyMiUzRSUzQyUyRmlmcmFtZSUzRQ==\u00a0\u00bb][vc_empty_space height=\u00a0\u00bb50&Prime;][\/vc_column][\/vc_row]<\/p>\n","protected":false},"excerpt":{"rendered":"<p>[vc_row row_type=\u00a0\u00bbrow\u00a0\u00bb use_row_as_full_screen_section=\u00a0\u00bbno\u00a0\u00bb type=\u00a0\u00bbfull_width\u00a0\u00bb text_align=\u00a0\u00bbleft\u00a0\u00bb background_animation=\u00a0\u00bbnone\u00a0\u00bb css_animation=\u00a0\u00bb\u00a0\u00bb css=\u00a0\u00bb.vc_custom_1586971849356{padding-right: 10px !important;padding-left: 10px !important;}\u00a0\u00bb][vc_column width=\u00a0\u00bb1\/3&Prime;][vc_single_image image=\u00a0\u00bb21315&Prime; img_size=\u00a0\u00bb300&#215;300&Prime; alignment=\u00a0\u00bbcenter\u00a0\u00bb qode_css_animation=\u00a0\u00bb\u00a0\u00bb][vc_empty_space][\/vc_column][vc_column width=\u00a0\u00bb1\/3&Prime;][vc_column_text] Ramonage Millau [\/vc_column_text][vc_empty_space][vc_column_text] Toutes nos interventions de ramonages sont r\u00e9alis\u00e9es en autonomie totale gr\u00e2ce a une CENTRALE DE RAMONAGE INT\u00c9GR\u00c9E au camion, Notre Aspirateur d&rsquo;une puissance de&#8230;<\/p>\n","protected":false},"author":1,"featured_media":0,"parent":0,"menu_order":0,"comment_status":"closed","ping_status":"closed","template":"full_width.php","meta":[],"yoast_head":"<!-- This site is optimized with the Yoast SEO plugin v15.6.2 - https:\/\/yoast.com\/wordpress\/plugins\/seo\/ -->\n<title>\u00e9lectricien - photovolta\u00efque - plombier - chauffagiste - millau - aveyron<\/title>\n<meta name=\"description\" content=\"Adimgroupe : l&#039;\u00e9lectricit\u00e9, le photovolta\u00efque, le chauffage, la plomberie, la climatisation, le ramonage &amp; l&#039;entretien sur Millau et l&#039;Aveyron.\" \/>\n<meta name=\"robots\" content=\"index, follow, max-snippet:-1, max-image-preview:large, max-video-preview:-1\" \/>\n<link rel=\"canonical\" href=\"http:\/\/adimgroupe.com\/index.php\/ramonage-entretien\/\" \/>\n<meta property=\"og:locale\" content=\"fr_FR\" \/>\n<meta property=\"og:type\" content=\"article\" \/>\n<meta property=\"og:title\" content=\"\u00e9lectricien - photovolta\u00efque - plombier - chauffagiste - millau - aveyron\" \/>\n<meta property=\"og:description\" content=\"Adimgroupe : l&#039;\u00e9lectricit\u00e9, le photovolta\u00efque, le chauffage, la plomberie, la climatisation, le ramonage &amp; l&#039;entretien sur Millau et l&#039;Aveyron.\" \/>\n<meta property=\"og:url\" content=\"http:\/\/adimgroupe.com\/index.php\/ramonage-entretien\/\" \/>\n<meta property=\"og:site_name\" content=\"Adimgroupe\" \/>\n<meta property=\"article:modified_time\" content=\"2025-06-03T13:25:39+00:00\" \/>\n<meta name=\"twitter:card\" content=\"summary_large_image\" \/>\n<meta name=\"twitter:label1\" content=\"Dur\u00e9e de lecture est.\">\n\t<meta name=\"twitter:data1\" content=\"1 minute\">\n<!-- \/ Yoast SEO plugin. -->","_links":{"self":[{"href":"https:\/\/adimgroupe.com\/index.php\/wp-json\/wp\/v2\/pages\/21359"}],"collection":[{"href":"https:\/\/adimgroupe.com\/index.php\/wp-json\/wp\/v2\/pages"}],"about":[{"href":"https:\/\/adimgroupe.com\/index.php\/wp-json\/wp\/v2\/types\/page"}],"author":[{"embeddable":true,"href":"https:\/\/adimgroupe.com\/index.php\/wp-json\/wp\/v2\/users\/1"}],"replies":[{"embeddable":true,"href":"https:\/\/adimgroupe.com\/index.php\/wp-json\/wp\/v2\/comments?post=21359"}],"version-history":[{"count":16,"href":"https:\/\/adimgroupe.com\/index.php\/wp-json\/wp\/v2\/pages\/21359\/revisions"}],"predecessor-version":[{"id":21798,"href":"https:\/\/adimgroupe.com\/index.php\/wp-json\/wp\/v2\/pages\/21359\/revisions\/21798"}],"wp:attachment":[{"href":"https:\/\/adimgroupe.com\/index.php\/wp-json\/wp\/v2\/media?parent=21359"}],"curies":[{"name":"wp","href":"https:\/\/api.w.org\/{rel}","templated":true}]}}