{"id":21357,"date":"2019-06-29T19:55:55","date_gmt":"2019-06-29T17:55:55","guid":{"rendered":"http:\/\/adimgroupe.com\/?page_id=21357"},"modified":"2025-06-03T15:23:12","modified_gmt":"2025-06-03T13:23:12","slug":"climatisation","status":"publish","type":"page","link":"https:\/\/adimgroupe.com\/index.php\/climatisation\/","title":{"rendered":"Climatisation"},"content":{"rendered":"<p>[vc_row row_type=\u00a0\u00bbrow\u00a0\u00bb use_row_as_full_screen_section=\u00a0\u00bbno\u00a0\u00bb type=\u00a0\u00bbfull_width\u00a0\u00bb text_align=\u00a0\u00bbleft\u00a0\u00bb background_animation=\u00a0\u00bbnone\u00a0\u00bb css_animation=\u00a0\u00bb\u00a0\u00bb css=\u00a0\u00bb.vc_custom_1586971765151{padding-right: 10px !important;padding-left: 10px !important;}\u00a0\u00bb][vc_column width=\u00a0\u00bb1\/3&Prime;][vc_single_image image=\u00a0\u00bb21464&Prime; img_size=\u00a0\u00bb300&#215;300&Prime; alignment=\u00a0\u00bbcenter\u00a0\u00bb qode_css_animation=\u00a0\u00bb\u00a0\u00bb][vc_empty_space][\/vc_column][vc_column width=\u00a0\u00bb1\/3&Prime;][vc_column_text]<\/p>\n<h2 style=\"text-align: left;\">Climatisation Millau<\/h2>\n<p>[\/vc_column_text][vc_empty_space][vc_column_text]<\/p>\n<p style=\"text-align: justify;\">Investir dans un \u00e9quipement d&rsquo;air conditionn\u00e9 \u00e0 la fois \u00e9cologique et performant peut s\u2019av\u00e9rer utile pour votre confort de vie. La climatisation que l\u2019on appelle \u00ab r\u00e9versible \u00bb vous permettra de rafraichir une ou plusieurs pi\u00e8ces en \u00e9t\u00e9, et \u00e9galement de les chauffer en hiver<b>, avec du mat\u00e9riel toujours plus performant et silencieux<\/b>. Qui n\u2019a pas r\u00eav\u00e9 d\u2019une pi\u00e8ce fraiche en p\u00e9riode estivale? Un confort pour certain une n\u00e9cessit\u00e9 pour d\u2019autre, comme pour les personnes \u00e2g\u00e9es et les enfants en bas \u00e2ge.<\/p>\n<p>[\/vc_column_text][vc_empty_space][vc_column_text]<\/p>\n<h2 style=\"text-align: left;\">Qualipac<\/h2>\n<p>[\/vc_column_text][vc_empty_space][vc_column_text]<\/p>\n<p style=\"text-align: justify;\">Reconnue pour ses engagements Qualit\u00e9, Adimgroupe est qualifi\u00e9e\u00a0<strong>QualiPAC <\/strong>et poss\u00e8de le certificat d\u2019<strong>Aptitude \u00e0 la manipulation des fluides frigorig\u00e8nes permettant de faire la mise en service et le d\u00e9pannage de ses propres installations sans faire appel \u00e0 un intervenant ext\u00e9rieur. <\/strong>Chaque ann\u00e9e,\u00a0<strong>Adimgroupe <\/strong>est audit\u00e9 pour valider et conforter ses engagements.<\/p>\n<p>[\/vc_column_text][vc_empty_space][\/vc_column][vc_column width=\u00a0\u00bb1\/3&Prime;][vc_single_image image=\u00a0\u00bb21574&Prime; img_size=\u00a0\u00bbfull\u00a0\u00bb alignment=\u00a0\u00bbcenter\u00a0\u00bb qode_css_animation=\u00a0\u00bb\u00a0\u00bb][vc_empty_space][\/vc_column][\/vc_row][vc_row row_type=\u00a0\u00bbrow\u00a0\u00bb use_row_as_full_screen_section=\u00a0\u00bbno\u00a0\u00bb type=\u00a0\u00bbfull_width\u00a0\u00bb text_align=\u00a0\u00bbleft\u00a0\u00bb background_animation=\u00a0\u00bbnone\u00a0\u00bb css_animation=\u00a0\u00bb\u00a0\u00bb][vc_column][vc_empty_space height=\u00a0\u00bb20&Prime;][vc_column_text]<\/p>\n<h1 style=\"text-align: center;\"><span style=\"color: #ff0000;\"><b>05 65 59 48 13<\/b><\/span><\/h1>\n<h3 style=\"text-align: center;\">395 Chemin de Salelles &#8211; Zone Cap du Cr\u00e8s &#8211; 12100 MILLAU<\/h3>\n<p>[\/vc_column_text][vc_gmaps link=\u00a0\u00bb#E-8_JTNDaWZyYW1lJTIwc3JjJTNEJTIyaHR0cHMlM0ElMkYlMkZ3d3cuZ29vZ2xlLmNvbSUyRm1hcHMlMkZlbWJlZCUzRnBiJTNEJTIxMW0xOCUyMTFtMTIlMjExbTMlMjExZDEwMTIuNjkxNDgwNTk0MDk3NyUyMTJkMy4wNzI2OTMwMDg5OTg2NzklMjEzZDQ0LjExNzkzNzcyNjM2MDM2JTIxMm0zJTIxMWYwJTIxMmYwJTIxM2YwJTIxM20yJTIxMWkxMDI0JTIxMmk3NjglMjE0ZjEzLjElMjEzbTMlMjExbTIlMjExczB4MTJiMmZiZWYxNjJkZDhmMSUyNTNBMHhlY2Q1ZWU3ZjBjNWNmZDZkJTIxMnNBdmV5cm9uJTI1MjBMb3olMjVDMyUyNUE4cmUlMjUyMENoYXVmZmFnZSUyNTIwQ2xpbWF0aXNhdGlvbiUyNTIwJTI4QUxDQyUyOSUyMTVlMCUyMTNtMiUyMTFzZnIlMjEyc2ZyJTIxNHYxNzQ4OTU2ODEyOTI3JTIxNW0yJTIxMXNmciUyMTJzZnIlMjIlMjB3aWR0aCUzRCUyMjYwMCUyMiUyMGhlaWdodCUzRCUyMjQ1MCUyMiUyMHN0eWxlJTNEJTIyYm9yZGVyJTNBMCUzQiUyMiUyMGFsbG93ZnVsbHNjcmVlbiUzRCUyMiUyMiUyMGxvYWRpbmclM0QlMjJsYXp5JTIyJTIwcmVmZXJyZXJwb2xpY3klM0QlMjJuby1yZWZlcnJlci13aGVuLWRvd25ncmFkZSUyMiUzRSUzQyUyRmlmcmFtZSUzRQ==\u00a0\u00bb][vc_empty_space height=\u00a0\u00bb50&Prime;][\/vc_column][\/vc_row]<\/p>\n","protected":false},"excerpt":{"rendered":"<p>[vc_row row_type=\u00a0\u00bbrow\u00a0\u00bb use_row_as_full_screen_section=\u00a0\u00bbno\u00a0\u00bb type=\u00a0\u00bbfull_width\u00a0\u00bb text_align=\u00a0\u00bbleft\u00a0\u00bb background_animation=\u00a0\u00bbnone\u00a0\u00bb css_animation=\u00a0\u00bb\u00a0\u00bb css=\u00a0\u00bb.vc_custom_1586971765151{padding-right: 10px !important;padding-left: 10px !important;}\u00a0\u00bb][vc_column width=\u00a0\u00bb1\/3&Prime;][vc_single_image image=\u00a0\u00bb21464&Prime; img_size=\u00a0\u00bb300&#215;300&Prime; alignment=\u00a0\u00bbcenter\u00a0\u00bb qode_css_animation=\u00a0\u00bb\u00a0\u00bb][vc_empty_space][\/vc_column][vc_column width=\u00a0\u00bb1\/3&Prime;][vc_column_text] Climatisation Millau [\/vc_column_text][vc_empty_space][vc_column_text] Investir dans un \u00e9quipement d&rsquo;air conditionn\u00e9 \u00e0 la fois \u00e9cologique et performant peut s\u2019av\u00e9rer utile pour votre confort de vie. La climatisation que l\u2019on&#8230;<\/p>\n","protected":false},"author":1,"featured_media":0,"parent":0,"menu_order":0,"comment_status":"closed","ping_status":"closed","template":"full_width.php","meta":[],"yoast_head":"<!-- This site is optimized with the Yoast SEO plugin v15.6.2 - https:\/\/yoast.com\/wordpress\/plugins\/seo\/ -->\n<title>\u00e9lectricien - photovolta\u00efque - plombier - chauffagiste - millau - aveyron<\/title>\n<meta name=\"description\" content=\"Adimgroupe : l&#039;\u00e9lectricit\u00e9, le photovolta\u00efque, le chauffage, la plomberie, la climatisation, le ramonage &amp; l&#039;entretien sur Millau et l&#039;Aveyron.\" \/>\n<meta name=\"robots\" content=\"index, follow, max-snippet:-1, max-image-preview:large, max-video-preview:-1\" \/>\n<link rel=\"canonical\" href=\"https:\/\/adimgroupe.com\/index.php\/climatisation\/\" \/>\n<meta property=\"og:locale\" content=\"fr_FR\" \/>\n<meta property=\"og:type\" content=\"article\" \/>\n<meta property=\"og:title\" content=\"\u00e9lectricien - photovolta\u00efque - plombier - chauffagiste - millau - aveyron\" \/>\n<meta property=\"og:description\" content=\"Adimgroupe : l&#039;\u00e9lectricit\u00e9, le photovolta\u00efque, le chauffage, la plomberie, la climatisation, le ramonage &amp; l&#039;entretien sur Millau et l&#039;Aveyron.\" \/>\n<meta property=\"og:url\" content=\"https:\/\/adimgroupe.com\/index.php\/climatisation\/\" \/>\n<meta property=\"og:site_name\" content=\"Adimgroupe\" \/>\n<meta property=\"article:modified_time\" content=\"2025-06-03T13:23:12+00:00\" \/>\n<meta name=\"twitter:card\" content=\"summary_large_image\" \/>\n<meta name=\"twitter:label1\" content=\"Dur\u00e9e de lecture est.\">\n\t<meta name=\"twitter:data1\" content=\"1 minute\">\n<!-- \/ Yoast SEO plugin. -->","_links":{"self":[{"href":"https:\/\/adimgroupe.com\/index.php\/wp-json\/wp\/v2\/pages\/21357"}],"collection":[{"href":"https:\/\/adimgroupe.com\/index.php\/wp-json\/wp\/v2\/pages"}],"about":[{"href":"https:\/\/adimgroupe.com\/index.php\/wp-json\/wp\/v2\/types\/page"}],"author":[{"embeddable":true,"href":"https:\/\/adimgroupe.com\/index.php\/wp-json\/wp\/v2\/users\/1"}],"replies":[{"embeddable":true,"href":"https:\/\/adimgroupe.com\/index.php\/wp-json\/wp\/v2\/comments?post=21357"}],"version-history":[{"count":20,"href":"https:\/\/adimgroupe.com\/index.php\/wp-json\/wp\/v2\/pages\/21357\/revisions"}],"predecessor-version":[{"id":21795,"href":"https:\/\/adimgroupe.com\/index.php\/wp-json\/wp\/v2\/pages\/21357\/revisions\/21795"}],"wp:attachment":[{"href":"https:\/\/adimgroupe.com\/index.php\/wp-json\/wp\/v2\/media?parent=21357"}],"curies":[{"name":"wp","href":"https:\/\/api.w.org\/{rel}","templated":true}]}}