{"id":21355,"date":"2019-06-29T19:54:51","date_gmt":"2019-06-29T17:54:51","guid":{"rendered":"http:\/\/adimgroupe.com\/?page_id=21355"},"modified":"2025-06-03T15:23:41","modified_gmt":"2025-06-03T13:23:41","slug":"plomberie","status":"publish","type":"page","link":"https:\/\/adimgroupe.com\/index.php\/plomberie\/","title":{"rendered":"Plomberie &#038; Sanitaires"},"content":{"rendered":"<p>[vc_row row_type=\u00a0\u00bbrow\u00a0\u00bb use_row_as_full_screen_section=\u00a0\u00bbno\u00a0\u00bb type=\u00a0\u00bbfull_width\u00a0\u00bb text_align=\u00a0\u00bbleft\u00a0\u00bb background_animation=\u00a0\u00bbnone\u00a0\u00bb css_animation=\u00a0\u00bb\u00a0\u00bb css=\u00a0\u00bb.vc_custom_1586971830053{padding-right: 10px !important;padding-left: 10px !important;}\u00a0\u00bb][vc_column width=\u00a0\u00bb1\/3&Prime;][vc_single_image image=\u00a0\u00bb21314&Prime; img_size=\u00a0\u00bb300&#215;300&Prime; alignment=\u00a0\u00bbcenter\u00a0\u00bb qode_css_animation=\u00a0\u00bb\u00a0\u00bb][vc_empty_space][vc_single_image image=\u00a0\u00bb21622&Prime; img_size=\u00a0\u00bbmedium\u00a0\u00bb alignment=\u00a0\u00bbcenter\u00a0\u00bb qode_css_animation=\u00a0\u00bb\u00a0\u00bb][vc_empty_space][\/vc_column][vc_column width=\u00a0\u00bb1\/3&Prime;][vc_column_text]<\/p>\n<h2 style=\"text-align: left;\">Plomberie Millau<\/h2>\n<p>[\/vc_column_text][vc_empty_space][vc_column_text]<\/p>\n<p style=\"text-align: justify;\">Adimgroupe met au service des particuliers et des professionnels son savoir-faire et son expertise pour r\u00e9aliser des travaux de plomberie, <b>sanitaires, eau chaude sanitaire (chauffe-eau thermodynamique, solaire, \u00e9lectrique), r\u00e9cup\u00e9ration d&rsquo;eau de pluie, adoucisseurs, <\/b>sur constructions neuves <b>comme <\/b>\u00a0en r\u00e9novation, <b>en installation, comme en d\u00e9pannage<\/b>. Notre engagement est de vous livrer un r\u00e9sultat <b>de qualit\u00e9<\/b> dans des d\u00e9lais tenus.<\/p>\n<p style=\"text-align: justify;\"><b>Nous intervenons aussi<\/b> sur les fuites d\u2019eau, canalisation bouch\u00e9e, le d\u00e9pannage de votre chauffage, chauffe-eau et de vos syst\u00e8mes d\u2019\u00e9nergie renouvelable.<\/p>\n<p>[\/vc_column_text][vc_empty_space][vc_column_text]<\/p>\n<h2 style=\"text-align: left;\">Salle de Bains<\/h2>\n<p>[\/vc_column_text][vc_column_text]<\/p>\n<p style=\"text-align: justify;\"><b>Vous voulez refaire votre salle d\u2019eau, la rendre accessible ? Gr\u00e2ce \u00e0 notre technicit\u00e9 dans le domaine de la plomberie et l\u2019\u00e9lectricit\u00e9 ainsi que le chauffage, vous n\u2019aurez qu\u2019un seul interlocuteur. Nous avons aussi des partenaires confiance pour le placo-carrelage. <\/b><\/p>\n<p>[\/vc_column_text][vc_empty_space][vc_column_text]<\/p>\n<h2>Mon projet de salle de bain<\/h2>\n<h3><a href=\"https:\/\/www.espace-aubade.fr\/salle-de-bain\" target=\"_blank\" rel=\"noopener noreferrer\">https:\/\/www.espace-aubade.fr\/salle-de-bain<\/a><\/h3>\n<p>[\/vc_column_text][vc_empty_space height=\u00a0\u00bb50px\u00a0\u00bb][\/vc_column][vc_column width=\u00a0\u00bb1\/3&Prime;][vc_single_image image=\u00a0\u00bb21756&Prime; img_size=\u00a0\u00bbfull\u00a0\u00bb alignment=\u00a0\u00bbcenter\u00a0\u00bb qode_css_animation=\u00a0\u00bb\u00a0\u00bb][\/vc_column][\/vc_row][vc_row row_type=\u00a0\u00bbrow\u00a0\u00bb use_row_as_full_screen_section=\u00a0\u00bbno\u00a0\u00bb type=\u00a0\u00bbfull_width\u00a0\u00bb text_align=\u00a0\u00bbleft\u00a0\u00bb background_animation=\u00a0\u00bbnone\u00a0\u00bb css_animation=\u00a0\u00bb\u00a0\u00bb][vc_column][vc_empty_space height=\u00a0\u00bb20&Prime;][vc_column_text]<\/p>\n<h1 style=\"text-align: center;\"><span style=\"color: #ff0000;\"><b>05 65 59 48 13<\/b><\/span><\/h1>\n<h3 style=\"text-align: center;\">395 Chemin de Salelles &#8211; Zone Cap du Cr\u00e8s &#8211; 12100 MILLAU<\/h3>\n<p>[\/vc_column_text][vc_gmaps link=\u00a0\u00bb#E-8_JTNDaWZyYW1lJTIwc3JjJTNEJTIyaHR0cHMlM0ElMkYlMkZ3d3cuZ29vZ2xlLmNvbSUyRm1hcHMlMkZlbWJlZCUzRnBiJTNEJTIxMW0xOCUyMTFtMTIlMjExbTMlMjExZDEwMTIuNjkxNDgwNTk0MDk3NyUyMTJkMy4wNzI2OTMwMDg5OTg2NzklMjEzZDQ0LjExNzkzNzcyNjM2MDM2JTIxMm0zJTIxMWYwJTIxMmYwJTIxM2YwJTIxM20yJTIxMWkxMDI0JTIxMmk3NjglMjE0ZjEzLjElMjEzbTMlMjExbTIlMjExczB4MTJiMmZiZWYxNjJkZDhmMSUyNTNBMHhlY2Q1ZWU3ZjBjNWNmZDZkJTIxMnNBdmV5cm9uJTI1MjBMb3olMjVDMyUyNUE4cmUlMjUyMENoYXVmZmFnZSUyNTIwQ2xpbWF0aXNhdGlvbiUyNTIwJTI4QUxDQyUyOSUyMTVlMCUyMTNtMiUyMTFzZnIlMjEyc2ZyJTIxNHYxNzQ4OTU2ODEyOTI3JTIxNW0yJTIxMXNmciUyMTJzZnIlMjIlMjB3aWR0aCUzRCUyMjYwMCUyMiUyMGhlaWdodCUzRCUyMjQ1MCUyMiUyMHN0eWxlJTNEJTIyYm9yZGVyJTNBMCUzQiUyMiUyMGFsbG93ZnVsbHNjcmVlbiUzRCUyMiUyMiUyMGxvYWRpbmclM0QlMjJsYXp5JTIyJTIwcmVmZXJyZXJwb2xpY3klM0QlMjJuby1yZWZlcnJlci13aGVuLWRvd25ncmFkZSUyMiUzRSUzQyUyRmlmcmFtZSUzRQ==\u00a0\u00bb][vc_empty_space height=\u00a0\u00bb50&Prime;][\/vc_column][\/vc_row]<\/p>\n","protected":false},"excerpt":{"rendered":"<p>[vc_row row_type=\u00a0\u00bbrow\u00a0\u00bb use_row_as_full_screen_section=\u00a0\u00bbno\u00a0\u00bb type=\u00a0\u00bbfull_width\u00a0\u00bb text_align=\u00a0\u00bbleft\u00a0\u00bb background_animation=\u00a0\u00bbnone\u00a0\u00bb css_animation=\u00a0\u00bb\u00a0\u00bb css=\u00a0\u00bb.vc_custom_1586971830053{padding-right: 10px !important;padding-left: 10px !important;}\u00a0\u00bb][vc_column width=\u00a0\u00bb1\/3&Prime;][vc_single_image image=\u00a0\u00bb21314&Prime; img_size=\u00a0\u00bb300&#215;300&Prime; alignment=\u00a0\u00bbcenter\u00a0\u00bb qode_css_animation=\u00a0\u00bb\u00a0\u00bb][vc_empty_space][vc_single_image image=\u00a0\u00bb21622&Prime; img_size=\u00a0\u00bbmedium\u00a0\u00bb alignment=\u00a0\u00bbcenter\u00a0\u00bb qode_css_animation=\u00a0\u00bb\u00a0\u00bb][vc_empty_space][\/vc_column][vc_column width=\u00a0\u00bb1\/3&Prime;][vc_column_text] Plomberie Millau [\/vc_column_text][vc_empty_space][vc_column_text] Adimgroupe met au service des particuliers et des professionnels son savoir-faire et son expertise pour r\u00e9aliser des travaux de plomberie,&#8230;<\/p>\n","protected":false},"author":1,"featured_media":0,"parent":0,"menu_order":0,"comment_status":"closed","ping_status":"closed","template":"full_width.php","meta":[],"yoast_head":"<!-- This site is optimized with the Yoast SEO plugin v15.6.2 - https:\/\/yoast.com\/wordpress\/plugins\/seo\/ -->\n<title>\u00e9lectricien - photovolta\u00efque - plombier - chauffagiste - millau - aveyron<\/title>\n<meta name=\"description\" content=\"Adimgroupe : l&#039;\u00e9lectricit\u00e9, le photovolta\u00efque, le chauffage, la plomberie, la climatisation, le ramonage &amp; l&#039;entretien sur Millau et l&#039;Aveyron.\" \/>\n<meta name=\"robots\" content=\"index, follow, max-snippet:-1, max-image-preview:large, max-video-preview:-1\" \/>\n<link rel=\"canonical\" href=\"https:\/\/adimgroupe.com\/index.php\/plomberie\/\" \/>\n<meta property=\"og:locale\" content=\"fr_FR\" \/>\n<meta property=\"og:type\" content=\"article\" \/>\n<meta property=\"og:title\" content=\"\u00e9lectricien - photovolta\u00efque - plombier - chauffagiste - millau - aveyron\" \/>\n<meta property=\"og:description\" content=\"Adimgroupe : l&#039;\u00e9lectricit\u00e9, le photovolta\u00efque, le chauffage, la plomberie, la climatisation, le ramonage &amp; l&#039;entretien sur Millau et l&#039;Aveyron.\" \/>\n<meta property=\"og:url\" content=\"https:\/\/adimgroupe.com\/index.php\/plomberie\/\" \/>\n<meta property=\"og:site_name\" content=\"Adimgroupe\" \/>\n<meta property=\"article:modified_time\" content=\"2025-06-03T13:23:41+00:00\" \/>\n<meta name=\"twitter:card\" content=\"summary_large_image\" \/>\n<meta name=\"twitter:label1\" content=\"Dur\u00e9e de lecture est.\">\n\t<meta name=\"twitter:data1\" content=\"1 minute\">\n<!-- \/ Yoast SEO plugin. -->","_links":{"self":[{"href":"https:\/\/adimgroupe.com\/index.php\/wp-json\/wp\/v2\/pages\/21355"}],"collection":[{"href":"https:\/\/adimgroupe.com\/index.php\/wp-json\/wp\/v2\/pages"}],"about":[{"href":"https:\/\/adimgroupe.com\/index.php\/wp-json\/wp\/v2\/types\/page"}],"author":[{"embeddable":true,"href":"https:\/\/adimgroupe.com\/index.php\/wp-json\/wp\/v2\/users\/1"}],"replies":[{"embeddable":true,"href":"https:\/\/adimgroupe.com\/index.php\/wp-json\/wp\/v2\/comments?post=21355"}],"version-history":[{"count":22,"href":"https:\/\/adimgroupe.com\/index.php\/wp-json\/wp\/v2\/pages\/21355\/revisions"}],"predecessor-version":[{"id":21796,"href":"https:\/\/adimgroupe.com\/index.php\/wp-json\/wp\/v2\/pages\/21355\/revisions\/21796"}],"wp:attachment":[{"href":"https:\/\/adimgroupe.com\/index.php\/wp-json\/wp\/v2\/media?parent=21355"}],"curies":[{"name":"wp","href":"https:\/\/api.w.org\/{rel}","templated":true}]}}