{"id":21353,"date":"2019-06-29T19:52:15","date_gmt":"2019-06-29T17:52:15","guid":{"rendered":"http:\/\/adimgroupe.com\/?page_id=21353"},"modified":"2021-09-16T16:57:52","modified_gmt":"2021-09-16T14:57:52","slug":"electricite","status":"publish","type":"page","link":"https:\/\/adimgroupe.com\/index.php\/electricite\/","title":{"rendered":"\u00c9lectricit\u00e9"},"content":{"rendered":"<p>[vc_row row_type=\u00a0\u00bbrow\u00a0\u00bb use_row_as_full_screen_section=\u00a0\u00bbno\u00a0\u00bb type=\u00a0\u00bbfull_width\u00a0\u00bb text_align=\u00a0\u00bbleft\u00a0\u00bb background_animation=\u00a0\u00bbnone\u00a0\u00bb css_animation=\u00a0\u00bb\u00a0\u00bb css=\u00a0\u00bb.vc_custom_1586971785357{padding-right: 10px !important;padding-left: 10px !important;}\u00a0\u00bb][vc_column width=\u00a0\u00bb1\/3&Prime;][vc_single_image image=\u00a0\u00bb21317&Prime; img_size=\u00a0\u00bb300&#215;300&Prime; alignment=\u00a0\u00bbcenter\u00a0\u00bb qode_css_animation=\u00a0\u00bb\u00a0\u00bb][vc_empty_space][\/vc_column][vc_column width=\u00a0\u00bb1\/3&Prime;][vc_column_text]<\/p>\n<h2 style=\"text-align: left;\">\u00c9lectricit\u00e9 Millau<\/h2>\n<p>[\/vc_column_text][vc_empty_space][vc_column_text]<\/p>\n<p style=\"text-align: justify;\">Depuis bient\u00f4t 20 ans<strong>,<\/strong> nous vous apportons assistance, conseil et technique pour toute installation \u00e9lectrique dans le neuf ou la r\u00e9novation. Certifi\u00e9\u00a0<strong>Qualifelec<\/strong>, nous appliquons sur tous nos chantiers les normes les plus strictes aussi bien pour les particuliers que pour les professionnels ainsi que les collectivit\u00e9s. Nous vous proposons tous les services en mati\u00e8re d\u2019installation \u00e9lectrique, d\u2019\u00e9clairage, de chauffage et de domotique.<\/p>\n<p>[\/vc_column_text][vc_empty_space][vc_column_text]<\/p>\n<h3><i><strong>La s\u00e9curit\u00e9 des installations \u00e9lectriques existantes\u00a0:<\/strong> <\/i><\/h3>\n<p>[\/vc_column_text][vc_column_text]<a href=\"https:\/\/docplayer.fr\/16913460-La-titre-securite-du-document-des-installations-electriques-existantes-ars-des-pays-de-la-loire-nantes-25-septembre-2014-albert-le-calvez-partie-ii.html\" target=\"_blank\" rel=\"noopener noreferrer\">https:\/\/docplayer.fr\/16913460-La-titre-securite-du-document-des-installations-electriques-existantes-ars-des-pays-de-la-loire-nantes-25-septembre-2014-albert-le-calvez-partie-ii.html<\/a>[\/vc_column_text][\/vc_column][vc_column width=\u00a0\u00bb1\/3&Prime;][vc_single_image image=\u00a0\u00bb21479&Prime; img_size=\u00a0\u00bbfull\u00a0\u00bb alignment=\u00a0\u00bbcenter\u00a0\u00bb qode_css_animation=\u00a0\u00bb\u00a0\u00bb][vc_empty_space][\/vc_column][\/vc_row][vc_row row_type=\u00a0\u00bbrow\u00a0\u00bb use_row_as_full_screen_section=\u00a0\u00bbno\u00a0\u00bb type=\u00a0\u00bbfull_width\u00a0\u00bb text_align=\u00a0\u00bbleft\u00a0\u00bb background_animation=\u00a0\u00bbnone\u00a0\u00bb css_animation=\u00a0\u00bb\u00a0\u00bb][vc_column][vc_empty_space height=\u00a0\u00bb20&Prime;][vc_column_text]<\/p>\n<h1 style=\"text-align: center;\"><span style=\"color: #ff0000;\"><b>05 65 59 48 13<\/b><\/span><\/h1>\n<h3 style=\"text-align: center;\">395 Chemin de Salelles &#8211; Zone Cap du Cr\u00e8s &#8211; 12100 MILLAU<\/h3>\n<p>[\/vc_column_text][vc_gmaps link=\u00a0\u00bb#E-8_JTNDaWZyYW1lJTIwc3JjJTNEJTIyaHR0cHMlM0ElMkYlMkZ3d3cuZ29vZ2xlLmNvbSUyRm1hcHMlMkZlbWJlZCUzRnBiJTNEJTIxMW0xOCUyMTFtMTIlMjExbTMlMjExZDE0MzIuODA1OTYwMTI0MDczJTIxMmQzLjA3MzMwNzU5OTk5OTk5NyUyMTNkNDQuMTE4Mjc4MiUyMTJtMyUyMTFmMCUyMTJmMCUyMTNmMCUyMTNtMiUyMTFpMTAyNCUyMTJpNzY4JTIxNGYxMy4xJTIxM20zJTIxMW0yJTIxMXMweDAlMjUzQTB4ZjFlYWVhZGNjYjY2ZjA2NyUyMTJzQWRpbWdyb3VwZSUyMTVlMCUyMTNtMiUyMTFzZnIlMjEyc2ZyJTIxNHYxNTYxMzkwNDMwMDA3JTIxNW0yJTIxMXNmciUyMTJzZnIlMjIlMjB3aWR0aCUzRCUyMjYwMCUyMiUyMGhlaWdodCUzRCUyMjQ1MCUyMiUyMGZyYW1lYm9yZGVyJTNEJTIyMCUyMiUyMHN0eWxlJTNEJTIyYm9yZGVyJTNBMCUyMiUyMGFsbG93ZnVsbHNjcmVlbiUzRSUzQyUyRmlmcmFtZSUzRQ==\u00a0\u00bb][vc_empty_space height=\u00a0\u00bb50&Prime;][\/vc_column][\/vc_row]<\/p>\n","protected":false},"excerpt":{"rendered":"<p>[vc_row row_type=\u00a0\u00bbrow\u00a0\u00bb use_row_as_full_screen_section=\u00a0\u00bbno\u00a0\u00bb type=\u00a0\u00bbfull_width\u00a0\u00bb text_align=\u00a0\u00bbleft\u00a0\u00bb background_animation=\u00a0\u00bbnone\u00a0\u00bb css_animation=\u00a0\u00bb\u00a0\u00bb css=\u00a0\u00bb.vc_custom_1586971785357{padding-right: 10px !important;padding-left: 10px !important;}\u00a0\u00bb][vc_column width=\u00a0\u00bb1\/3&Prime;][vc_single_image image=\u00a0\u00bb21317&Prime; img_size=\u00a0\u00bb300&#215;300&Prime; alignment=\u00a0\u00bbcenter\u00a0\u00bb qode_css_animation=\u00a0\u00bb\u00a0\u00bb][vc_empty_space][\/vc_column][vc_column width=\u00a0\u00bb1\/3&Prime;][vc_column_text] \u00c9lectricit\u00e9 Millau [\/vc_column_text][vc_empty_space][vc_column_text] Depuis bient\u00f4t 20 ans, nous vous apportons assistance, conseil et technique pour toute installation \u00e9lectrique dans le neuf ou la r\u00e9novation. Certifi\u00e9\u00a0Qualifelec, nous appliquons&#8230;<\/p>\n","protected":false},"author":1,"featured_media":0,"parent":0,"menu_order":0,"comment_status":"closed","ping_status":"closed","template":"full_width.php","meta":[],"yoast_head":"<!-- This site is optimized with the Yoast SEO plugin v15.6.2 - https:\/\/yoast.com\/wordpress\/plugins\/seo\/ -->\n<title>\u00e9lectricien - photovolta\u00efque - plombier - chauffagiste - millau - aveyron<\/title>\n<meta name=\"description\" content=\"Adimgroupe : l&#039;\u00e9lectricit\u00e9, le photovolta\u00efque, le chauffage, la plomberie, la climatisation, le ramonage &amp; l&#039;entretien sur Millau et l&#039;Aveyron.\" \/>\n<meta name=\"robots\" content=\"index, follow, max-snippet:-1, max-image-preview:large, max-video-preview:-1\" \/>\n<link rel=\"canonical\" href=\"https:\/\/adimgroupe.com\/index.php\/electricite\/\" \/>\n<meta property=\"og:locale\" content=\"fr_FR\" \/>\n<meta property=\"og:type\" content=\"article\" \/>\n<meta property=\"og:title\" content=\"\u00e9lectricien - photovolta\u00efque - plombier - chauffagiste - millau - aveyron\" \/>\n<meta property=\"og:description\" content=\"Adimgroupe : l&#039;\u00e9lectricit\u00e9, le photovolta\u00efque, le chauffage, la plomberie, la climatisation, le ramonage &amp; l&#039;entretien sur Millau et l&#039;Aveyron.\" \/>\n<meta property=\"og:url\" content=\"https:\/\/adimgroupe.com\/index.php\/electricite\/\" \/>\n<meta property=\"og:site_name\" content=\"Adimgroupe\" \/>\n<meta property=\"article:modified_time\" content=\"2021-09-16T14:57:52+00:00\" \/>\n<meta name=\"twitter:card\" content=\"summary_large_image\" \/>\n<meta name=\"twitter:label1\" content=\"Dur\u00e9e de lecture est.\">\n\t<meta name=\"twitter:data1\" content=\"1 minute\">\n<!-- \/ Yoast SEO plugin. -->","_links":{"self":[{"href":"https:\/\/adimgroupe.com\/index.php\/wp-json\/wp\/v2\/pages\/21353"}],"collection":[{"href":"https:\/\/adimgroupe.com\/index.php\/wp-json\/wp\/v2\/pages"}],"about":[{"href":"https:\/\/adimgroupe.com\/index.php\/wp-json\/wp\/v2\/types\/page"}],"author":[{"embeddable":true,"href":"https:\/\/adimgroupe.com\/index.php\/wp-json\/wp\/v2\/users\/1"}],"replies":[{"embeddable":true,"href":"https:\/\/adimgroupe.com\/index.php\/wp-json\/wp\/v2\/comments?post=21353"}],"version-history":[{"count":15,"href":"https:\/\/adimgroupe.com\/index.php\/wp-json\/wp\/v2\/pages\/21353\/revisions"}],"predecessor-version":[{"id":21720,"href":"https:\/\/adimgroupe.com\/index.php\/wp-json\/wp\/v2\/pages\/21353\/revisions\/21720"}],"wp:attachment":[{"href":"https:\/\/adimgroupe.com\/index.php\/wp-json\/wp\/v2\/media?parent=21353"}],"curies":[{"name":"wp","href":"https:\/\/api.w.org\/{rel}","templated":true}]}}